{"id":1279,"date":"2025-04-17T14:14:44","date_gmt":"2025-04-17T17:14:44","guid":{"rendered":"https:\/\/pace.com.br\/produto\/suporte-triplo-rolamento\/"},"modified":"2025-04-17T14:59:50","modified_gmt":"2025-04-17T17:59:50","slug":"suporte-triplo-rolamento","status":"publish","type":"product","link":"https:\/\/pace.com.br\/es\/produto\/suporte-triplo-rolamento\/","title":{"rendered":"Soporte Triple Rodamiento"},"content":{"rendered":"<ul>\n<li>Mayor soporte en el fulcro para un mejor rendimiento;<\/li>\n<li>Rodamiento con durabilidad extendida;<\/li>\n<li>M\u00e1s estabilidad en la transmisi\u00f3n, garantizando una operaci\u00f3n eficiente.<\/li>\n<\/ul>\n","protected":false},"excerpt":{"rendered":"<p>Mayor soporte en el fulcro para un mejor rendimiento; Rodamiento con durabilidad extendida; M\u00e1s estabilidad en la transmisi\u00f3n, garantizando una operaci\u00f3n eficiente.<\/p>\n","protected":false},"featured_media":1276,"template":"","meta":[],"product_brand":[],"product_cat":[88],"product_tag":[],"class_list":{"0":"post-1279","1":"product","2":"type-product","3":"status-publish","4":"has-post-thumbnail","6":"product_cat-transmision-de-la-maquina","8":"first","9":"instock","10":"shipping-taxable","11":"product-type-simple"},"yoast_head":"<!-- This site is optimized with the Yoast SEO Premium plugin v26.4 (Yoast SEO v26.4) - https:\/\/yoast.com\/wordpress\/plugins\/seo\/ -->\n<title>Soporte Triple Rodamiento - Pace<\/title>\n<meta name=\"robots\" content=\"index, follow, max-snippet:-1, max-image-preview:large, max-video-preview:-1\" \/>\n<link rel=\"canonical\" href=\"https:\/\/pace.com.br\/es\/produto\/suporte-triplo-rolamento\/\" \/>\n<meta property=\"og:locale\" content=\"es_ES\" \/>\n<meta property=\"og:type\" content=\"article\" \/>\n<meta property=\"og:title\" content=\"Soporte Triple Rodamiento\" \/>\n<meta property=\"og:description\" content=\"Mayor soporte en el fulcro para un mejor rendimiento; Rodamiento con durabilidad extendida; M\u00e1s estabilidad en la transmisi\u00f3n, garantizando una operaci\u00f3n eficiente.\" \/>\n<meta property=\"og:url\" content=\"https:\/\/pace.com.br\/es\/produto\/suporte-triplo-rolamento\/\" \/>\n<meta property=\"og:site_name\" content=\"Pace\" \/>\n<meta property=\"article:modified_time\" content=\"2025-04-17T17:59:50+00:00\" \/>\n<meta property=\"og:image\" content=\"http:\/\/pace.com.br\/wp-content\/uploads\/2025\/04\/Sem-nome-1080-x-1350-px-scaled.jpg\" \/>\n\t<meta property=\"og:image:width\" content=\"2048\" \/>\n\t<meta property=\"og:image:height\" content=\"2560\" \/>\n\t<meta property=\"og:image:type\" content=\"image\/jpeg\" \/>\n<meta name=\"twitter:card\" content=\"summary_large_image\" \/>\n<meta name=\"twitter:label1\" content=\"Precio\" \/>\n\t<meta name=\"twitter:data1\" content=\"\" \/>\n\t<meta name=\"twitter:label2\" content=\"Disponibilidad\" \/>\n\t<meta name=\"twitter:data2\" content=\"Disponible\" \/>\n<script type=\"application\/ld+json\" class=\"yoast-schema-graph\">{\"@context\":\"https:\/\/schema.org\",\"@graph\":[{\"@type\":\"WebPage\",\"@id\":\"https:\/\/pace.com.br\/es\/produto\/suporte-triplo-rolamento\/\",\"url\":\"https:\/\/pace.com.br\/es\/produto\/suporte-triplo-rolamento\/\",\"name\":\"Soporte Triple Rodamiento - Pace\",\"isPartOf\":{\"@id\":\"https:\/\/pace.com.br\/es\/#website\"},\"primaryImageOfPage\":{\"@id\":\"https:\/\/pace.com.br\/es\/produto\/suporte-triplo-rolamento\/#primaryimage\"},\"image\":{\"@id\":\"https:\/\/pace.com.br\/es\/produto\/suporte-triplo-rolamento\/#primaryimage\"},\"thumbnailUrl\":\"https:\/\/pace.com.br\/wp-content\/uploads\/2025\/04\/Sem-nome-1080-x-1350-px-scaled.jpg\",\"datePublished\":\"2025-04-17T17:14:44+00:00\",\"dateModified\":\"2025-04-17T17:59:50+00:00\",\"breadcrumb\":{\"@id\":\"https:\/\/pace.com.br\/es\/produto\/suporte-triplo-rolamento\/#breadcrumb\"},\"inLanguage\":\"es\",\"potentialAction\":[{\"@type\":\"ReadAction\",\"target\":[\"https:\/\/pace.com.br\/es\/produto\/suporte-triplo-rolamento\/\"]}]},{\"@type\":\"ImageObject\",\"inLanguage\":\"es\",\"@id\":\"https:\/\/pace.com.br\/es\/produto\/suporte-triplo-rolamento\/#primaryimage\",\"url\":\"https:\/\/pace.com.br\/wp-content\/uploads\/2025\/04\/Sem-nome-1080-x-1350-px-scaled.jpg\",\"contentUrl\":\"https:\/\/pace.com.br\/wp-content\/uploads\/2025\/04\/Sem-nome-1080-x-1350-px-scaled.jpg\",\"width\":2048,\"height\":2560},{\"@type\":\"BreadcrumbList\",\"@id\":\"https:\/\/pace.com.br\/es\/produto\/suporte-triplo-rolamento\/#breadcrumb\",\"itemListElement\":[{\"@type\":\"ListItem\",\"position\":1,\"name\":\"In\u00edcio\",\"item\":\"https:\/\/pace.com.br\/es\/\"},{\"@type\":\"ListItem\",\"position\":2,\"name\":\"Productos\",\"item\":\"https:\/\/pace.com.br\/es\/productos\/\"},{\"@type\":\"ListItem\",\"position\":3,\"name\":\"Soporte Triple Rodamiento\"}]},{\"@type\":\"WebSite\",\"@id\":\"https:\/\/pace.com.br\/es\/#website\",\"url\":\"https:\/\/pace.com.br\/es\/\",\"name\":\"Pace Ind\u00fastria Mec\u00e2nica\",\"description\":\"\",\"publisher\":{\"@id\":\"https:\/\/pace.com.br\/es\/#organization\"},\"potentialAction\":[{\"@type\":\"SearchAction\",\"target\":{\"@type\":\"EntryPoint\",\"urlTemplate\":\"https:\/\/pace.com.br\/es\/?s={search_term_string}\"},\"query-input\":{\"@type\":\"PropertyValueSpecification\",\"valueRequired\":true,\"valueName\":\"search_term_string\"}}],\"inLanguage\":\"es\"},{\"@type\":\"Organization\",\"@id\":\"https:\/\/pace.com.br\/es\/#organization\",\"name\":\"Pace Ind\u00fastria Mec\u00e2nica\",\"url\":\"https:\/\/pace.com.br\/es\/\",\"logo\":{\"@type\":\"ImageObject\",\"inLanguage\":\"es\",\"@id\":\"https:\/\/pace.com.br\/es\/#\/schema\/logo\/image\/\",\"url\":\"https:\/\/pace.com.br\/wp-content\/uploads\/2023\/09\/Logo-2-1.png\",\"contentUrl\":\"https:\/\/pace.com.br\/wp-content\/uploads\/2023\/09\/Logo-2-1.png\",\"width\":141,\"height\":39,\"caption\":\"Pace Ind\u00fastria Mec\u00e2nica\"},\"image\":{\"@id\":\"https:\/\/pace.com.br\/es\/#\/schema\/logo\/image\/\"}}]}<\/script>\n<meta property=\"product:price:amount\" content=\"0.00\" \/>\n<meta property=\"product:price:currency\" content=\"USD\" \/>\n<meta property=\"og:availability\" content=\"instock\" \/>\n<meta property=\"product:availability\" content=\"instock\" \/>\n<meta property=\"product:condition\" content=\"new\" \/>\n<!-- \/ Yoast SEO Premium plugin. -->","yoast_head_json":{"title":"Soporte Triple Rodamiento - Pace","robots":{"index":"index","follow":"follow","max-snippet":"max-snippet:-1","max-image-preview":"max-image-preview:large","max-video-preview":"max-video-preview:-1"},"canonical":"https:\/\/pace.com.br\/es\/produto\/suporte-triplo-rolamento\/","og_locale":"es_ES","og_type":"article","og_title":"Soporte Triple Rodamiento","og_description":"Mayor soporte en el fulcro para un mejor rendimiento; Rodamiento con durabilidad extendida; M\u00e1s estabilidad en la transmisi\u00f3n, garantizando una operaci\u00f3n eficiente.","og_url":"https:\/\/pace.com.br\/es\/produto\/suporte-triplo-rolamento\/","og_site_name":"Pace","article_modified_time":"2025-04-17T17:59:50+00:00","og_image":[{"width":2048,"height":2560,"url":"http:\/\/pace.com.br\/wp-content\/uploads\/2025\/04\/Sem-nome-1080-x-1350-px-scaled.jpg","type":"image\/jpeg"}],"twitter_card":"summary_large_image","twitter_misc":{"Precio":"","Disponibilidad":"Disponible"},"schema":{"@context":"https:\/\/schema.org","@graph":[{"@type":"WebPage","@id":"https:\/\/pace.com.br\/es\/produto\/suporte-triplo-rolamento\/","url":"https:\/\/pace.com.br\/es\/produto\/suporte-triplo-rolamento\/","name":"Soporte Triple Rodamiento - Pace","isPartOf":{"@id":"https:\/\/pace.com.br\/es\/#website"},"primaryImageOfPage":{"@id":"https:\/\/pace.com.br\/es\/produto\/suporte-triplo-rolamento\/#primaryimage"},"image":{"@id":"https:\/\/pace.com.br\/es\/produto\/suporte-triplo-rolamento\/#primaryimage"},"thumbnailUrl":"https:\/\/pace.com.br\/wp-content\/uploads\/2025\/04\/Sem-nome-1080-x-1350-px-scaled.jpg","datePublished":"2025-04-17T17:14:44+00:00","dateModified":"2025-04-17T17:59:50+00:00","breadcrumb":{"@id":"https:\/\/pace.com.br\/es\/produto\/suporte-triplo-rolamento\/#breadcrumb"},"inLanguage":"es","potentialAction":[{"@type":"ReadAction","target":["https:\/\/pace.com.br\/es\/produto\/suporte-triplo-rolamento\/"]}]},{"@type":"ImageObject","inLanguage":"es","@id":"https:\/\/pace.com.br\/es\/produto\/suporte-triplo-rolamento\/#primaryimage","url":"https:\/\/pace.com.br\/wp-content\/uploads\/2025\/04\/Sem-nome-1080-x-1350-px-scaled.jpg","contentUrl":"https:\/\/pace.com.br\/wp-content\/uploads\/2025\/04\/Sem-nome-1080-x-1350-px-scaled.jpg","width":2048,"height":2560},{"@type":"BreadcrumbList","@id":"https:\/\/pace.com.br\/es\/produto\/suporte-triplo-rolamento\/#breadcrumb","itemListElement":[{"@type":"ListItem","position":1,"name":"In\u00edcio","item":"https:\/\/pace.com.br\/es\/"},{"@type":"ListItem","position":2,"name":"Productos","item":"https:\/\/pace.com.br\/es\/productos\/"},{"@type":"ListItem","position":3,"name":"Soporte Triple Rodamiento"}]},{"@type":"WebSite","@id":"https:\/\/pace.com.br\/es\/#website","url":"https:\/\/pace.com.br\/es\/","name":"Pace Ind\u00fastria Mec\u00e2nica","description":"","publisher":{"@id":"https:\/\/pace.com.br\/es\/#organization"},"potentialAction":[{"@type":"SearchAction","target":{"@type":"EntryPoint","urlTemplate":"https:\/\/pace.com.br\/es\/?s={search_term_string}"},"query-input":{"@type":"PropertyValueSpecification","valueRequired":true,"valueName":"search_term_string"}}],"inLanguage":"es"},{"@type":"Organization","@id":"https:\/\/pace.com.br\/es\/#organization","name":"Pace Ind\u00fastria Mec\u00e2nica","url":"https:\/\/pace.com.br\/es\/","logo":{"@type":"ImageObject","inLanguage":"es","@id":"https:\/\/pace.com.br\/es\/#\/schema\/logo\/image\/","url":"https:\/\/pace.com.br\/wp-content\/uploads\/2023\/09\/Logo-2-1.png","contentUrl":"https:\/\/pace.com.br\/wp-content\/uploads\/2023\/09\/Logo-2-1.png","width":141,"height":39,"caption":"Pace Ind\u00fastria Mec\u00e2nica"},"image":{"@id":"https:\/\/pace.com.br\/es\/#\/schema\/logo\/image\/"}}]},"product_price_amount":"0.00","product_price_currency":"USD","og_availability":"instock","product_availability":"instock","product_condition":"new"},"_links":{"self":[{"href":"https:\/\/pace.com.br\/es\/wp-json\/wp\/v2\/product\/1279","targetHints":{"allow":["GET"]}}],"collection":[{"href":"https:\/\/pace.com.br\/es\/wp-json\/wp\/v2\/product"}],"about":[{"href":"https:\/\/pace.com.br\/es\/wp-json\/wp\/v2\/types\/product"}],"wp:featuredmedia":[{"embeddable":true,"href":"https:\/\/pace.com.br\/es\/wp-json\/wp\/v2\/media\/1276"}],"wp:attachment":[{"href":"https:\/\/pace.com.br\/es\/wp-json\/wp\/v2\/media?parent=1279"}],"wp:term":[{"taxonomy":"product_brand","embeddable":true,"href":"https:\/\/pace.com.br\/es\/wp-json\/wp\/v2\/product_brand?post=1279"},{"taxonomy":"product_cat","embeddable":true,"href":"https:\/\/pace.com.br\/es\/wp-json\/wp\/v2\/product_cat?post=1279"},{"taxonomy":"product_tag","embeddable":true,"href":"https:\/\/pace.com.br\/es\/wp-json\/wp\/v2\/product_tag?post=1279"}],"curies":[{"name":"wp","href":"https:\/\/api.w.org\/{rel}","templated":true}]}}