{"id":1246,"date":"2025-04-16T16:30:00","date_gmt":"2025-04-16T19:30:00","guid":{"rendered":"https:\/\/pace.com.br\/produto\/rolamentos-de-regulagem\/"},"modified":"2025-04-16T16:36:45","modified_gmt":"2025-04-16T19:36:45","slug":"rolamentos-de-regulagem","status":"publish","type":"product","link":"https:\/\/pace.com.br\/es\/produto\/rolamentos-de-regulagem\/","title":{"rendered":"Cojinete de Ajuste"},"content":{"rendered":"<ul>\n<li style=\"list-style-type: none;\">\n<ul>\n<li>Solucionar el problema de nivelaci\u00f3n de rodillos cer\u00e1micos en las juntas de los m\u00f3dulos.<\/li>\n<\/ul>\n<\/li>\n<\/ul>\n","protected":false},"excerpt":{"rendered":"<p>Solucionar el problema de nivelaci\u00f3n de rodillos cer\u00e1micos en las juntas de los m\u00f3dulos.<\/p>\n","protected":false},"featured_media":1243,"template":"","meta":[],"product_brand":[],"product_cat":[62],"product_tag":[],"class_list":{"0":"post-1246","1":"product","2":"type-product","3":"status-publish","4":"has-post-thumbnail","6":"product_cat-soporte-de-rodillos","8":"first","9":"instock","10":"shipping-taxable","11":"product-type-simple"},"yoast_head":"<!-- This site is optimized with the Yoast SEO Premium plugin v26.4 (Yoast SEO v26.4) - https:\/\/yoast.com\/wordpress\/plugins\/seo\/ -->\n<title>Cojinete de Ajuste - Pace<\/title>\n<meta name=\"robots\" content=\"index, follow, max-snippet:-1, max-image-preview:large, max-video-preview:-1\" \/>\n<link rel=\"canonical\" href=\"https:\/\/pace.com.br\/es\/produto\/rolamentos-de-regulagem\/\" \/>\n<meta property=\"og:locale\" content=\"es_ES\" \/>\n<meta property=\"og:type\" content=\"article\" \/>\n<meta property=\"og:title\" content=\"Cojinete de Ajuste\" \/>\n<meta property=\"og:description\" content=\"Solucionar el problema de nivelaci\u00f3n de rodillos cer\u00e1micos en las juntas de los m\u00f3dulos.\" \/>\n<meta property=\"og:url\" content=\"https:\/\/pace.com.br\/es\/produto\/rolamentos-de-regulagem\/\" \/>\n<meta property=\"og:site_name\" content=\"Pace\" \/>\n<meta property=\"article:modified_time\" content=\"2025-04-16T19:36:45+00:00\" \/>\n<meta property=\"og:image\" content=\"http:\/\/pace.com.br\/wp-content\/uploads\/2025\/04\/Design-sem-nome-6-scaled.jpg\" \/>\n\t<meta property=\"og:image:width\" content=\"2560\" \/>\n\t<meta property=\"og:image:height\" content=\"2560\" \/>\n\t<meta property=\"og:image:type\" content=\"image\/jpeg\" \/>\n<meta name=\"twitter:card\" content=\"summary_large_image\" \/>\n<meta name=\"twitter:label1\" content=\"Precio\" \/>\n\t<meta name=\"twitter:data1\" content=\"\" \/>\n\t<meta name=\"twitter:label2\" content=\"Disponibilidad\" \/>\n\t<meta name=\"twitter:data2\" content=\"Disponible\" \/>\n<script type=\"application\/ld+json\" class=\"yoast-schema-graph\">{\"@context\":\"https:\/\/schema.org\",\"@graph\":[{\"@type\":\"WebPage\",\"@id\":\"https:\/\/pace.com.br\/es\/produto\/rolamentos-de-regulagem\/\",\"url\":\"https:\/\/pace.com.br\/es\/produto\/rolamentos-de-regulagem\/\",\"name\":\"Cojinete de Ajuste - Pace\",\"isPartOf\":{\"@id\":\"https:\/\/pace.com.br\/es\/#website\"},\"primaryImageOfPage\":{\"@id\":\"https:\/\/pace.com.br\/es\/produto\/rolamentos-de-regulagem\/#primaryimage\"},\"image\":{\"@id\":\"https:\/\/pace.com.br\/es\/produto\/rolamentos-de-regulagem\/#primaryimage\"},\"thumbnailUrl\":\"https:\/\/pace.com.br\/wp-content\/uploads\/2025\/04\/Design-sem-nome-6-scaled.jpg\",\"datePublished\":\"2025-04-16T19:30:00+00:00\",\"dateModified\":\"2025-04-16T19:36:45+00:00\",\"breadcrumb\":{\"@id\":\"https:\/\/pace.com.br\/es\/produto\/rolamentos-de-regulagem\/#breadcrumb\"},\"inLanguage\":\"es\",\"potentialAction\":[{\"@type\":\"ReadAction\",\"target\":[\"https:\/\/pace.com.br\/es\/produto\/rolamentos-de-regulagem\/\"]}]},{\"@type\":\"ImageObject\",\"inLanguage\":\"es\",\"@id\":\"https:\/\/pace.com.br\/es\/produto\/rolamentos-de-regulagem\/#primaryimage\",\"url\":\"https:\/\/pace.com.br\/wp-content\/uploads\/2025\/04\/Design-sem-nome-6-scaled.jpg\",\"contentUrl\":\"https:\/\/pace.com.br\/wp-content\/uploads\/2025\/04\/Design-sem-nome-6-scaled.jpg\",\"width\":2560,\"height\":2560},{\"@type\":\"BreadcrumbList\",\"@id\":\"https:\/\/pace.com.br\/es\/produto\/rolamentos-de-regulagem\/#breadcrumb\",\"itemListElement\":[{\"@type\":\"ListItem\",\"position\":1,\"name\":\"In\u00edcio\",\"item\":\"https:\/\/pace.com.br\/es\/\"},{\"@type\":\"ListItem\",\"position\":2,\"name\":\"Productos\",\"item\":\"https:\/\/pace.com.br\/es\/productos\/\"},{\"@type\":\"ListItem\",\"position\":3,\"name\":\"Cojinete de Ajuste\"}]},{\"@type\":\"WebSite\",\"@id\":\"https:\/\/pace.com.br\/es\/#website\",\"url\":\"https:\/\/pace.com.br\/es\/\",\"name\":\"Pace Ind\u00fastria Mec\u00e2nica\",\"description\":\"\",\"publisher\":{\"@id\":\"https:\/\/pace.com.br\/es\/#organization\"},\"potentialAction\":[{\"@type\":\"SearchAction\",\"target\":{\"@type\":\"EntryPoint\",\"urlTemplate\":\"https:\/\/pace.com.br\/es\/?s={search_term_string}\"},\"query-input\":{\"@type\":\"PropertyValueSpecification\",\"valueRequired\":true,\"valueName\":\"search_term_string\"}}],\"inLanguage\":\"es\"},{\"@type\":\"Organization\",\"@id\":\"https:\/\/pace.com.br\/es\/#organization\",\"name\":\"Pace Ind\u00fastria Mec\u00e2nica\",\"url\":\"https:\/\/pace.com.br\/es\/\",\"logo\":{\"@type\":\"ImageObject\",\"inLanguage\":\"es\",\"@id\":\"https:\/\/pace.com.br\/es\/#\/schema\/logo\/image\/\",\"url\":\"https:\/\/pace.com.br\/wp-content\/uploads\/2023\/09\/Logo-2-1.png\",\"contentUrl\":\"https:\/\/pace.com.br\/wp-content\/uploads\/2023\/09\/Logo-2-1.png\",\"width\":141,\"height\":39,\"caption\":\"Pace Ind\u00fastria Mec\u00e2nica\"},\"image\":{\"@id\":\"https:\/\/pace.com.br\/es\/#\/schema\/logo\/image\/\"}}]}<\/script>\n<meta property=\"product:price:amount\" content=\"0.00\" \/>\n<meta property=\"product:price:currency\" content=\"USD\" \/>\n<meta property=\"og:availability\" content=\"instock\" \/>\n<meta property=\"product:availability\" content=\"instock\" \/>\n<meta property=\"product:condition\" content=\"new\" \/>\n<!-- \/ Yoast SEO Premium plugin. -->","yoast_head_json":{"title":"Cojinete de Ajuste - Pace","robots":{"index":"index","follow":"follow","max-snippet":"max-snippet:-1","max-image-preview":"max-image-preview:large","max-video-preview":"max-video-preview:-1"},"canonical":"https:\/\/pace.com.br\/es\/produto\/rolamentos-de-regulagem\/","og_locale":"es_ES","og_type":"article","og_title":"Cojinete de Ajuste","og_description":"Solucionar el problema de nivelaci\u00f3n de rodillos cer\u00e1micos en las juntas de los m\u00f3dulos.","og_url":"https:\/\/pace.com.br\/es\/produto\/rolamentos-de-regulagem\/","og_site_name":"Pace","article_modified_time":"2025-04-16T19:36:45+00:00","og_image":[{"width":2560,"height":2560,"url":"http:\/\/pace.com.br\/wp-content\/uploads\/2025\/04\/Design-sem-nome-6-scaled.jpg","type":"image\/jpeg"}],"twitter_card":"summary_large_image","twitter_misc":{"Precio":"","Disponibilidad":"Disponible"},"schema":{"@context":"https:\/\/schema.org","@graph":[{"@type":"WebPage","@id":"https:\/\/pace.com.br\/es\/produto\/rolamentos-de-regulagem\/","url":"https:\/\/pace.com.br\/es\/produto\/rolamentos-de-regulagem\/","name":"Cojinete de Ajuste - Pace","isPartOf":{"@id":"https:\/\/pace.com.br\/es\/#website"},"primaryImageOfPage":{"@id":"https:\/\/pace.com.br\/es\/produto\/rolamentos-de-regulagem\/#primaryimage"},"image":{"@id":"https:\/\/pace.com.br\/es\/produto\/rolamentos-de-regulagem\/#primaryimage"},"thumbnailUrl":"https:\/\/pace.com.br\/wp-content\/uploads\/2025\/04\/Design-sem-nome-6-scaled.jpg","datePublished":"2025-04-16T19:30:00+00:00","dateModified":"2025-04-16T19:36:45+00:00","breadcrumb":{"@id":"https:\/\/pace.com.br\/es\/produto\/rolamentos-de-regulagem\/#breadcrumb"},"inLanguage":"es","potentialAction":[{"@type":"ReadAction","target":["https:\/\/pace.com.br\/es\/produto\/rolamentos-de-regulagem\/"]}]},{"@type":"ImageObject","inLanguage":"es","@id":"https:\/\/pace.com.br\/es\/produto\/rolamentos-de-regulagem\/#primaryimage","url":"https:\/\/pace.com.br\/wp-content\/uploads\/2025\/04\/Design-sem-nome-6-scaled.jpg","contentUrl":"https:\/\/pace.com.br\/wp-content\/uploads\/2025\/04\/Design-sem-nome-6-scaled.jpg","width":2560,"height":2560},{"@type":"BreadcrumbList","@id":"https:\/\/pace.com.br\/es\/produto\/rolamentos-de-regulagem\/#breadcrumb","itemListElement":[{"@type":"ListItem","position":1,"name":"In\u00edcio","item":"https:\/\/pace.com.br\/es\/"},{"@type":"ListItem","position":2,"name":"Productos","item":"https:\/\/pace.com.br\/es\/productos\/"},{"@type":"ListItem","position":3,"name":"Cojinete de Ajuste"}]},{"@type":"WebSite","@id":"https:\/\/pace.com.br\/es\/#website","url":"https:\/\/pace.com.br\/es\/","name":"Pace Ind\u00fastria Mec\u00e2nica","description":"","publisher":{"@id":"https:\/\/pace.com.br\/es\/#organization"},"potentialAction":[{"@type":"SearchAction","target":{"@type":"EntryPoint","urlTemplate":"https:\/\/pace.com.br\/es\/?s={search_term_string}"},"query-input":{"@type":"PropertyValueSpecification","valueRequired":true,"valueName":"search_term_string"}}],"inLanguage":"es"},{"@type":"Organization","@id":"https:\/\/pace.com.br\/es\/#organization","name":"Pace Ind\u00fastria Mec\u00e2nica","url":"https:\/\/pace.com.br\/es\/","logo":{"@type":"ImageObject","inLanguage":"es","@id":"https:\/\/pace.com.br\/es\/#\/schema\/logo\/image\/","url":"https:\/\/pace.com.br\/wp-content\/uploads\/2023\/09\/Logo-2-1.png","contentUrl":"https:\/\/pace.com.br\/wp-content\/uploads\/2023\/09\/Logo-2-1.png","width":141,"height":39,"caption":"Pace Ind\u00fastria Mec\u00e2nica"},"image":{"@id":"https:\/\/pace.com.br\/es\/#\/schema\/logo\/image\/"}}]},"product_price_amount":"0.00","product_price_currency":"USD","og_availability":"instock","product_availability":"instock","product_condition":"new"},"_links":{"self":[{"href":"https:\/\/pace.com.br\/es\/wp-json\/wp\/v2\/product\/1246","targetHints":{"allow":["GET"]}}],"collection":[{"href":"https:\/\/pace.com.br\/es\/wp-json\/wp\/v2\/product"}],"about":[{"href":"https:\/\/pace.com.br\/es\/wp-json\/wp\/v2\/types\/product"}],"wp:featuredmedia":[{"embeddable":true,"href":"https:\/\/pace.com.br\/es\/wp-json\/wp\/v2\/media\/1243"}],"wp:attachment":[{"href":"https:\/\/pace.com.br\/es\/wp-json\/wp\/v2\/media?parent=1246"}],"wp:term":[{"taxonomy":"product_brand","embeddable":true,"href":"https:\/\/pace.com.br\/es\/wp-json\/wp\/v2\/product_brand?post=1246"},{"taxonomy":"product_cat","embeddable":true,"href":"https:\/\/pace.com.br\/es\/wp-json\/wp\/v2\/product_cat?post=1246"},{"taxonomy":"product_tag","embeddable":true,"href":"https:\/\/pace.com.br\/es\/wp-json\/wp\/v2\/product_tag?post=1246"}],"curies":[{"name":"wp","href":"https:\/\/api.w.org\/{rel}","templated":true}]}}