{"id":861,"date":"2023-09-25T10:56:07","date_gmt":"2023-09-25T13:56:07","guid":{"rendered":"https:\/\/pace.com.br\/politica-de-privacidad\/"},"modified":"2023-10-11T22:44:45","modified_gmt":"2023-10-12T01:44:45","slug":"politica-de-privacidad","status":"publish","type":"page","link":"https:\/\/pace.com.br\/es\/politica-de-privacidad\/","title":{"rendered":"Pol\u00edtica de privacidad"},"content":{"rendered":"\n<h2 class=\"wp-block-heading\">Quienes somos<\/h2>\n\n<p><strong class=\"privacy-policy-tutorial\">Texto sugerido: <\/strong>La direcci\u00f3n de nuestro sitio web es: http:\/\/pace.com.br.<\/p>\n\n<h2 class=\"wp-block-heading\">Comentarios<\/h2>\n\n<p><strong class=\"privacy-policy-tutorial\">Texto sugerido: <\/strong>Cuando los visitantes dejan comentarios en el sitio, recopilamos los datos que aparecen en el formulario de comentarios, as\u00ed como la direcci\u00f3n IP y los datos del navegador del visitante, para ayudar a detectar el spam.<\/p>\n\n<p>Una cadena an\u00f3nima de caracteres creada a partir de tu correo electr\u00f3nico (tambi\u00e9n llamada hash) puede enviarse a Gravatar para verificar que utilizas el servicio. La pol\u00edtica de privacidad de Gravatar est\u00e1 disponible aqu\u00ed: https:\/\/automattic.com\/privacy\/. Una vez aprobado tu comentario, tu foto de perfil ser\u00e1 visible p\u00fablicamente junto a tu comentario.<\/p>\n\n<h2 class=\"wp-block-heading\">Medios de comunicaci\u00f3n<\/h2>\n\n<p><strong class=\"privacy-policy-tutorial\">Texto sugerido: <\/strong>Si env\u00eda im\u00e1genes al sitio, evite enviar las que contengan datos de localizaci\u00f3n incrustados (EXIF GPS). Los visitantes pueden descargar estas im\u00e1genes del sitio web y extraer de ellas sus datos de localizaci\u00f3n.<\/p>\n\n<h2 class=\"wp-block-heading\">Cookies<\/h2>\n\n<p><strong class=\"privacy-policy-tutorial\">Texto sugerido: <\/strong>Cuando deja un comentario en el sitio, puede elegir guardar su nombre, direcci\u00f3n de correo electr\u00f3nico y sitio web en cookies. Esto es para tu comodidad, para que no tengas que volver a rellenar tus datos cuando hagas otro comentario. Estas galletas duran un a\u00f1o.<\/p>\n\n<p>Si tiene una cuenta y accede a este sitio, se crear\u00e1 una cookie temporal para determinar si su navegador acepta cookies. No contiene datos personales y se descartar\u00e1 cuando cierre el navegador.<\/p>\n\n<p>Cuando accede a su cuenta en el sitio, tambi\u00e9n creamos varias cookies para guardar los datos de su cuenta y sus opciones de visualizaci\u00f3n en pantalla. Las cookies de inicio de sesi\u00f3n se conservan durante dos d\u00edas y las de opciones de pantalla durante un a\u00f1o. Si selecciona \u00abRecordarme\u00bb, su acceso se mantendr\u00e1 durante quince d\u00edas. Si cierra la sesi\u00f3n de su cuenta, se eliminar\u00e1n las cookies de inicio de sesi\u00f3n.<\/p>\n\n<p>Si edita o publica un art\u00edculo, se guardar\u00e1 una cookie adicional en su navegador. Esta cookie no incluye ning\u00fan dato personal y se limita a indicar el ID de entrada del art\u00edculo que acaba de editar. Caduca al cabo de 1 d\u00eda.<\/p>\n\n<h2 class=\"wp-block-heading\">Medios incrustados de otros sitios<\/h2>\n\n<p><strong class=\"privacy-policy-tutorial\">Texto sugerido: <\/strong>Los art\u00edculos de este sitio pueden incluir contenido incrustado, como v\u00eddeos, im\u00e1genes, art\u00edculos, etc. El contenido incrustado de otros sitios se comporta exactamente igual que si el visitante estuviera visitando el otro sitio.<\/p>\n\n<p>Estos sitios pueden recopilar datos sobre usted, utilizar cookies, incrustar seguimiento adicional de terceros y supervisar su interacci\u00f3n con este contenido incrustado, incluida su interacci\u00f3n con el contenido incrustado si tiene una cuenta y ha iniciado sesi\u00f3n en el sitio.<\/p>\n\n<h2 class=\"wp-block-heading\">Con qui\u00e9n compartimos sus datos<\/h2>\n\n<p><strong class=\"privacy-policy-tutorial\">Texto sugerido: <\/strong>Si solicitas un restablecimiento de contrase\u00f1a, tu direcci\u00f3n IP se incluir\u00e1 en el correo electr\u00f3nico de restablecimiento de contrase\u00f1a.<\/p>\n\n<h2 class=\"wp-block-heading\">Cu\u00e1nto tiempo conservamos sus datos<\/h2>\n\n<p><strong class=\"privacy-policy-tutorial\">Texto sugerido: <\/strong>Si deja un comentario, el comentario y sus metadatos se conservan indefinidamente. Esto nos permite reconocer y aprobar autom\u00e1ticamente los comentarios posteriores en lugar de retenerlos para su moderaci\u00f3n.<\/p>\n\n<p>En el caso de los usuarios que se registran en nuestro sitio (si los hay), tambi\u00e9n almacenamos la informaci\u00f3n personal que nos facilitan en su perfil de usuario. Todos los usuarios pueden ver, editar o borrar su informaci\u00f3n personal en cualquier momento (s\u00f3lo no pueden cambiar su nombre de usuario). Los administradores del sitio tambi\u00e9n pueden ver y editar esta informaci\u00f3n.<\/p>\n\n<h2 class=\"wp-block-heading\">Qu\u00e9 derechos tiene sobre sus datos<\/h2>\n\n<p><strong class=\"privacy-policy-tutorial\">Texto sugerido: <\/strong>Si tiene una cuenta en este sitio o ha dejado comentarios, puede solicitar un archivo exportado de los datos personales que tenemos sobre usted, incluidos los que nos haya facilitado. Tambi\u00e9n puede solicitar que eliminemos cualquier dato personal que tengamos sobre usted. Esto no incluye los datos que estamos obligados a conservar por motivos administrativos, legales o de seguridad.<\/p>\n\n<h2 class=\"wp-block-heading\">D\u00f3nde se env\u00edan sus datos<\/h2>\n\n<p><strong class=\"privacy-policy-tutorial\">Texto sugerido: <\/strong>Los comentarios de los visitantes pueden ser marcados por un servicio autom\u00e1tico de detecci\u00f3n de spam.<\/p>\n","protected":false},"excerpt":{"rendered":"<p>Quienes somos Texto sugerido: La direcci\u00f3n de nuestro sitio web es: http:\/\/pace.com.br. Comentarios Texto sugerido: Cuando los visitantes dejan comentarios en el sitio, recopilamos los datos que aparecen en el formulario de comentarios, as\u00ed como la direcci\u00f3n IP y los datos del navegador del visitante, para ayudar a detectar el spam. Una cadena an\u00f3nima de [&hellip;]<\/p>\n","protected":false},"author":1,"featured_media":0,"parent":0,"menu_order":0,"comment_status":"closed","ping_status":"closed","template":"","meta":{"footnotes":""},"class_list":["post-861","page","type-page","status-publish","hentry"],"yoast_head":"<!-- This site is optimized with the Yoast SEO Premium plugin v26.4 (Yoast SEO v26.4) - https:\/\/yoast.com\/wordpress\/plugins\/seo\/ -->\n<title>Pol\u00edtica de privacidad - Pace<\/title>\n<meta name=\"robots\" content=\"index, follow, max-snippet:-1, max-image-preview:large, max-video-preview:-1\" \/>\n<link rel=\"canonical\" href=\"https:\/\/pace.com.br\/es\/politica-de-privacidad\/\" \/>\n<meta property=\"og:locale\" content=\"es_ES\" \/>\n<meta property=\"og:type\" content=\"article\" \/>\n<meta property=\"og:title\" content=\"Pol\u00edtica de privacidad\" \/>\n<meta property=\"og:description\" content=\"Quienes somos Texto sugerido: La direcci\u00f3n de nuestro sitio web es: http:\/\/pace.com.br. Comentarios Texto sugerido: Cuando los visitantes dejan comentarios en el sitio, recopilamos los datos que aparecen en el formulario de comentarios, as\u00ed como la direcci\u00f3n IP y los datos del navegador del visitante, para ayudar a detectar el spam. Una cadena an\u00f3nima de [&hellip;]\" \/>\n<meta property=\"og:url\" content=\"https:\/\/pace.com.br\/es\/politica-de-privacidad\/\" \/>\n<meta property=\"og:site_name\" content=\"Pace\" \/>\n<meta property=\"article:modified_time\" content=\"2023-10-12T01:44:45+00:00\" \/>\n<meta name=\"twitter:card\" content=\"summary_large_image\" \/>\n<meta name=\"twitter:label1\" content=\"Tiempo de lectura\" \/>\n\t<meta name=\"twitter:data1\" content=\"3 minutos\" \/>\n<script type=\"application\/ld+json\" class=\"yoast-schema-graph\">{\"@context\":\"https:\/\/schema.org\",\"@graph\":[{\"@type\":\"WebPage\",\"@id\":\"https:\/\/pace.com.br\/es\/politica-de-privacidad\/\",\"url\":\"https:\/\/pace.com.br\/es\/politica-de-privacidad\/\",\"name\":\"Pol\u00edtica de privacidad - Pace\",\"isPartOf\":{\"@id\":\"https:\/\/pace.com.br\/es\/#website\"},\"datePublished\":\"2023-09-25T13:56:07+00:00\",\"dateModified\":\"2023-10-12T01:44:45+00:00\",\"breadcrumb\":{\"@id\":\"https:\/\/pace.com.br\/es\/politica-de-privacidad\/#breadcrumb\"},\"inLanguage\":\"es\",\"potentialAction\":[{\"@type\":\"ReadAction\",\"target\":[\"https:\/\/pace.com.br\/es\/politica-de-privacidad\/\"]}]},{\"@type\":\"BreadcrumbList\",\"@id\":\"https:\/\/pace.com.br\/es\/politica-de-privacidad\/#breadcrumb\",\"itemListElement\":[{\"@type\":\"ListItem\",\"position\":1,\"name\":\"In\u00edcio\",\"item\":\"https:\/\/pace.com.br\/es\/\"},{\"@type\":\"ListItem\",\"position\":2,\"name\":\"Pol\u00edtica de privacidad\"}]},{\"@type\":\"WebSite\",\"@id\":\"https:\/\/pace.com.br\/es\/#website\",\"url\":\"https:\/\/pace.com.br\/es\/\",\"name\":\"Pace Ind\u00fastria Mec\u00e2nica\",\"description\":\"\",\"publisher\":{\"@id\":\"https:\/\/pace.com.br\/es\/#organization\"},\"potentialAction\":[{\"@type\":\"SearchAction\",\"target\":{\"@type\":\"EntryPoint\",\"urlTemplate\":\"https:\/\/pace.com.br\/es\/?s={search_term_string}\"},\"query-input\":{\"@type\":\"PropertyValueSpecification\",\"valueRequired\":true,\"valueName\":\"search_term_string\"}}],\"inLanguage\":\"es\"},{\"@type\":\"Organization\",\"@id\":\"https:\/\/pace.com.br\/es\/#organization\",\"name\":\"Pace Ind\u00fastria Mec\u00e2nica\",\"url\":\"https:\/\/pace.com.br\/es\/\",\"logo\":{\"@type\":\"ImageObject\",\"inLanguage\":\"es\",\"@id\":\"https:\/\/pace.com.br\/es\/#\/schema\/logo\/image\/\",\"url\":\"https:\/\/pace.com.br\/wp-content\/uploads\/2023\/09\/Logo-2-1.png\",\"contentUrl\":\"https:\/\/pace.com.br\/wp-content\/uploads\/2023\/09\/Logo-2-1.png\",\"width\":141,\"height\":39,\"caption\":\"Pace Ind\u00fastria Mec\u00e2nica\"},\"image\":{\"@id\":\"https:\/\/pace.com.br\/es\/#\/schema\/logo\/image\/\"}}]}<\/script>\n<!-- \/ Yoast SEO Premium plugin. -->","yoast_head_json":{"title":"Pol\u00edtica de privacidad - Pace","robots":{"index":"index","follow":"follow","max-snippet":"max-snippet:-1","max-image-preview":"max-image-preview:large","max-video-preview":"max-video-preview:-1"},"canonical":"https:\/\/pace.com.br\/es\/politica-de-privacidad\/","og_locale":"es_ES","og_type":"article","og_title":"Pol\u00edtica de privacidad","og_description":"Quienes somos Texto sugerido: La direcci\u00f3n de nuestro sitio web es: http:\/\/pace.com.br. Comentarios Texto sugerido: Cuando los visitantes dejan comentarios en el sitio, recopilamos los datos que aparecen en el formulario de comentarios, as\u00ed como la direcci\u00f3n IP y los datos del navegador del visitante, para ayudar a detectar el spam. Una cadena an\u00f3nima de [&hellip;]","og_url":"https:\/\/pace.com.br\/es\/politica-de-privacidad\/","og_site_name":"Pace","article_modified_time":"2023-10-12T01:44:45+00:00","twitter_card":"summary_large_image","twitter_misc":{"Tiempo de lectura":"3 minutos"},"schema":{"@context":"https:\/\/schema.org","@graph":[{"@type":"WebPage","@id":"https:\/\/pace.com.br\/es\/politica-de-privacidad\/","url":"https:\/\/pace.com.br\/es\/politica-de-privacidad\/","name":"Pol\u00edtica de privacidad - Pace","isPartOf":{"@id":"https:\/\/pace.com.br\/es\/#website"},"datePublished":"2023-09-25T13:56:07+00:00","dateModified":"2023-10-12T01:44:45+00:00","breadcrumb":{"@id":"https:\/\/pace.com.br\/es\/politica-de-privacidad\/#breadcrumb"},"inLanguage":"es","potentialAction":[{"@type":"ReadAction","target":["https:\/\/pace.com.br\/es\/politica-de-privacidad\/"]}]},{"@type":"BreadcrumbList","@id":"https:\/\/pace.com.br\/es\/politica-de-privacidad\/#breadcrumb","itemListElement":[{"@type":"ListItem","position":1,"name":"In\u00edcio","item":"https:\/\/pace.com.br\/es\/"},{"@type":"ListItem","position":2,"name":"Pol\u00edtica de privacidad"}]},{"@type":"WebSite","@id":"https:\/\/pace.com.br\/es\/#website","url":"https:\/\/pace.com.br\/es\/","name":"Pace Ind\u00fastria Mec\u00e2nica","description":"","publisher":{"@id":"https:\/\/pace.com.br\/es\/#organization"},"potentialAction":[{"@type":"SearchAction","target":{"@type":"EntryPoint","urlTemplate":"https:\/\/pace.com.br\/es\/?s={search_term_string}"},"query-input":{"@type":"PropertyValueSpecification","valueRequired":true,"valueName":"search_term_string"}}],"inLanguage":"es"},{"@type":"Organization","@id":"https:\/\/pace.com.br\/es\/#organization","name":"Pace Ind\u00fastria Mec\u00e2nica","url":"https:\/\/pace.com.br\/es\/","logo":{"@type":"ImageObject","inLanguage":"es","@id":"https:\/\/pace.com.br\/es\/#\/schema\/logo\/image\/","url":"https:\/\/pace.com.br\/wp-content\/uploads\/2023\/09\/Logo-2-1.png","contentUrl":"https:\/\/pace.com.br\/wp-content\/uploads\/2023\/09\/Logo-2-1.png","width":141,"height":39,"caption":"Pace Ind\u00fastria Mec\u00e2nica"},"image":{"@id":"https:\/\/pace.com.br\/es\/#\/schema\/logo\/image\/"}}]}},"_links":{"self":[{"href":"https:\/\/pace.com.br\/es\/wp-json\/wp\/v2\/pages\/861","targetHints":{"allow":["GET"]}}],"collection":[{"href":"https:\/\/pace.com.br\/es\/wp-json\/wp\/v2\/pages"}],"about":[{"href":"https:\/\/pace.com.br\/es\/wp-json\/wp\/v2\/types\/page"}],"author":[{"embeddable":true,"href":"https:\/\/pace.com.br\/es\/wp-json\/wp\/v2\/users\/1"}],"replies":[{"embeddable":true,"href":"https:\/\/pace.com.br\/es\/wp-json\/wp\/v2\/comments?post=861"}],"version-history":[{"count":1,"href":"https:\/\/pace.com.br\/es\/wp-json\/wp\/v2\/pages\/861\/revisions"}],"predecessor-version":[{"id":862,"href":"https:\/\/pace.com.br\/es\/wp-json\/wp\/v2\/pages\/861\/revisions\/862"}],"wp:attachment":[{"href":"https:\/\/pace.com.br\/es\/wp-json\/wp\/v2\/media?parent=861"}],"curies":[{"name":"wp","href":"https:\/\/api.w.org\/{rel}","templated":true}]}}