{"id":1293,"date":"2025-04-17T15:19:31","date_gmt":"2025-04-17T18:19:31","guid":{"rendered":"https:\/\/pace.com.br\/produto\/sistemas-de-transmissao-de-fornos\/"},"modified":"2025-04-17T15:19:31","modified_gmt":"2025-04-17T18:19:31","slug":"sistemas-de-transmissao-de-fornos","status":"publish","type":"product","link":"https:\/\/pace.com.br\/en\/produto\/sistemas-de-transmissao-de-fornos\/","title":{"rendered":"Sistemas de Transmiss\u00e3o de Fornos"},"content":{"rendered":"<ul>\n<li>Suportes montados com rolamentos Pace 6002\/ 6201 Z folga C6 antitravamento;<\/li>\n<li>Usinado em barra de alum\u00ednio maci\u00e7o;<\/li>\n<li>Maior rigidez e precis\u00e3o na transmiss\u00e3o;<\/li>\n<li>Excelente desempenho;<\/li>\n<li>Oferecemos a montagem completa ou parcial;<\/li>\n<li>Fabricamos em diferente dimens\u00f5es.<\/li>\n<\/ul>\n","protected":false},"excerpt":{"rendered":"<p>Suportes montados com rolamentos Pace 6002\/ 6201 Z folga C6 antitravamento; Usinado em barra de alum\u00ednio maci\u00e7o; Maior rigidez e precis\u00e3o na transmiss\u00e3o; Excelente desempenho; Oferecemos a montagem completa ou parcial; Fabricamos em diferente dimens\u00f5es.<\/p>\n","protected":false},"featured_media":1290,"template":"","meta":[],"product_brand":[],"product_cat":[84],"product_tag":[],"class_list":{"0":"post-1293","1":"product","2":"type-product","3":"status-publish","4":"has-post-thumbnail","6":"product_cat-machine-transmission","8":"first","9":"instock","10":"shipping-taxable","11":"product-type-simple"},"yoast_head":"<!-- This site is optimized with the Yoast SEO Premium plugin v26.4 (Yoast SEO v26.4) - https:\/\/yoast.com\/wordpress\/plugins\/seo\/ -->\n<title>Sistemas de Transmiss\u00e3o de Fornos - Pace<\/title>\n<meta name=\"robots\" content=\"index, follow, max-snippet:-1, max-image-preview:large, max-video-preview:-1\" \/>\n<link rel=\"canonical\" href=\"https:\/\/pace.com.br\/en\/produto\/sistemas-de-transmissao-de-fornos\/\" \/>\n<meta property=\"og:locale\" content=\"en_US\" \/>\n<meta property=\"og:type\" content=\"article\" \/>\n<meta property=\"og:title\" content=\"Sistemas de Transmiss\u00e3o de Fornos\" \/>\n<meta property=\"og:description\" content=\"Suportes montados com rolamentos Pace 6002\/ 6201 Z folga C6 antitravamento; Usinado em barra de alum\u00ednio maci\u00e7o; Maior rigidez e precis\u00e3o na transmiss\u00e3o; Excelente desempenho; Oferecemos a montagem completa ou parcial; Fabricamos em diferente dimens\u00f5es.\" \/>\n<meta property=\"og:url\" content=\"https:\/\/pace.com.br\/en\/produto\/sistemas-de-transmissao-de-fornos\/\" \/>\n<meta property=\"og:site_name\" content=\"Pace\" \/>\n<meta name=\"twitter:card\" content=\"summary_large_image\" \/>\n<meta name=\"twitter:label1\" content=\"Price\" \/>\n\t<meta name=\"twitter:data1\" content=\"\" \/>\n\t<meta name=\"twitter:label2\" content=\"Availability\" \/>\n\t<meta name=\"twitter:data2\" content=\"In stock\" \/>\n<script type=\"application\/ld+json\" class=\"yoast-schema-graph\">{\"@context\":\"https:\/\/schema.org\",\"@graph\":[{\"@type\":\"WebPage\",\"@id\":\"https:\/\/pace.com.br\/en\/produto\/sistemas-de-transmissao-de-fornos\/\",\"url\":\"https:\/\/pace.com.br\/en\/produto\/sistemas-de-transmissao-de-fornos\/\",\"name\":\"Sistemas de Transmiss\u00e3o de Fornos - Pace\",\"isPartOf\":{\"@id\":\"https:\/\/pace.com.br\/en\/#website\"},\"primaryImageOfPage\":{\"@id\":\"https:\/\/pace.com.br\/en\/produto\/sistemas-de-transmissao-de-fornos\/#primaryimage\"},\"image\":{\"@id\":\"https:\/\/pace.com.br\/en\/produto\/sistemas-de-transmissao-de-fornos\/#primaryimage\"},\"thumbnailUrl\":\"https:\/\/pace.com.br\/wp-content\/uploads\/2025\/04\/1-3-scaled.jpg\",\"datePublished\":\"2025-04-17T18:19:31+00:00\",\"breadcrumb\":{\"@id\":\"https:\/\/pace.com.br\/en\/produto\/sistemas-de-transmissao-de-fornos\/#breadcrumb\"},\"inLanguage\":\"en-US\",\"potentialAction\":[{\"@type\":\"ReadAction\",\"target\":[\"https:\/\/pace.com.br\/en\/produto\/sistemas-de-transmissao-de-fornos\/\"]}]},{\"@type\":\"ImageObject\",\"inLanguage\":\"en-US\",\"@id\":\"https:\/\/pace.com.br\/en\/produto\/sistemas-de-transmissao-de-fornos\/#primaryimage\",\"url\":\"https:\/\/pace.com.br\/wp-content\/uploads\/2025\/04\/1-3-scaled.jpg\",\"contentUrl\":\"https:\/\/pace.com.br\/wp-content\/uploads\/2025\/04\/1-3-scaled.jpg\",\"width\":2560,\"height\":2560},{\"@type\":\"BreadcrumbList\",\"@id\":\"https:\/\/pace.com.br\/en\/produto\/sistemas-de-transmissao-de-fornos\/#breadcrumb\",\"itemListElement\":[{\"@type\":\"ListItem\",\"position\":1,\"name\":\"In\u00edcio\",\"item\":\"https:\/\/pace.com.br\/en\/home\/\"},{\"@type\":\"ListItem\",\"position\":2,\"name\":\"Products\",\"item\":\"https:\/\/pace.com.br\/en\/shop\/\"},{\"@type\":\"ListItem\",\"position\":3,\"name\":\"Sistemas de Transmiss\u00e3o de Fornos\"}]},{\"@type\":\"WebSite\",\"@id\":\"https:\/\/pace.com.br\/en\/#website\",\"url\":\"https:\/\/pace.com.br\/en\/\",\"name\":\"Pace Ind\u00fastria Mec\u00e2nica\",\"description\":\"\",\"publisher\":{\"@id\":\"https:\/\/pace.com.br\/en\/#organization\"},\"potentialAction\":[{\"@type\":\"SearchAction\",\"target\":{\"@type\":\"EntryPoint\",\"urlTemplate\":\"https:\/\/pace.com.br\/en\/?s={search_term_string}\"},\"query-input\":{\"@type\":\"PropertyValueSpecification\",\"valueRequired\":true,\"valueName\":\"search_term_string\"}}],\"inLanguage\":\"en-US\"},{\"@type\":\"Organization\",\"@id\":\"https:\/\/pace.com.br\/en\/#organization\",\"name\":\"Pace Ind\u00fastria Mec\u00e2nica\",\"url\":\"https:\/\/pace.com.br\/en\/\",\"logo\":{\"@type\":\"ImageObject\",\"inLanguage\":\"en-US\",\"@id\":\"https:\/\/pace.com.br\/en\/#\/schema\/logo\/image\/\",\"url\":\"https:\/\/pace.com.br\/wp-content\/uploads\/2023\/09\/Logo-2-1.png\",\"contentUrl\":\"https:\/\/pace.com.br\/wp-content\/uploads\/2023\/09\/Logo-2-1.png\",\"width\":141,\"height\":39,\"caption\":\"Pace Ind\u00fastria Mec\u00e2nica\"},\"image\":{\"@id\":\"https:\/\/pace.com.br\/en\/#\/schema\/logo\/image\/\"}}]}<\/script>\n<meta property=\"product:price:amount\" content=\"0.00\" \/>\n<meta property=\"product:price:currency\" content=\"USD\" \/>\n<meta property=\"og:availability\" content=\"instock\" \/>\n<meta property=\"product:availability\" content=\"instock\" \/>\n<meta property=\"product:condition\" content=\"new\" \/>\n<!-- \/ Yoast SEO Premium plugin. -->","yoast_head_json":{"title":"Sistemas de Transmiss\u00e3o de Fornos - Pace","robots":{"index":"index","follow":"follow","max-snippet":"max-snippet:-1","max-image-preview":"max-image-preview:large","max-video-preview":"max-video-preview:-1"},"canonical":"https:\/\/pace.com.br\/en\/produto\/sistemas-de-transmissao-de-fornos\/","og_locale":"en_US","og_type":"article","og_title":"Sistemas de Transmiss\u00e3o de Fornos","og_description":"Suportes montados com rolamentos Pace 6002\/ 6201 Z folga C6 antitravamento; Usinado em barra de alum\u00ednio maci\u00e7o; Maior rigidez e precis\u00e3o na transmiss\u00e3o; Excelente desempenho; Oferecemos a montagem completa ou parcial; Fabricamos em diferente dimens\u00f5es.","og_url":"https:\/\/pace.com.br\/en\/produto\/sistemas-de-transmissao-de-fornos\/","og_site_name":"Pace","twitter_card":"summary_large_image","twitter_misc":{"Price":"","Availability":"In stock"},"schema":{"@context":"https:\/\/schema.org","@graph":[{"@type":"WebPage","@id":"https:\/\/pace.com.br\/en\/produto\/sistemas-de-transmissao-de-fornos\/","url":"https:\/\/pace.com.br\/en\/produto\/sistemas-de-transmissao-de-fornos\/","name":"Sistemas de Transmiss\u00e3o de Fornos - Pace","isPartOf":{"@id":"https:\/\/pace.com.br\/en\/#website"},"primaryImageOfPage":{"@id":"https:\/\/pace.com.br\/en\/produto\/sistemas-de-transmissao-de-fornos\/#primaryimage"},"image":{"@id":"https:\/\/pace.com.br\/en\/produto\/sistemas-de-transmissao-de-fornos\/#primaryimage"},"thumbnailUrl":"https:\/\/pace.com.br\/wp-content\/uploads\/2025\/04\/1-3-scaled.jpg","datePublished":"2025-04-17T18:19:31+00:00","breadcrumb":{"@id":"https:\/\/pace.com.br\/en\/produto\/sistemas-de-transmissao-de-fornos\/#breadcrumb"},"inLanguage":"en-US","potentialAction":[{"@type":"ReadAction","target":["https:\/\/pace.com.br\/en\/produto\/sistemas-de-transmissao-de-fornos\/"]}]},{"@type":"ImageObject","inLanguage":"en-US","@id":"https:\/\/pace.com.br\/en\/produto\/sistemas-de-transmissao-de-fornos\/#primaryimage","url":"https:\/\/pace.com.br\/wp-content\/uploads\/2025\/04\/1-3-scaled.jpg","contentUrl":"https:\/\/pace.com.br\/wp-content\/uploads\/2025\/04\/1-3-scaled.jpg","width":2560,"height":2560},{"@type":"BreadcrumbList","@id":"https:\/\/pace.com.br\/en\/produto\/sistemas-de-transmissao-de-fornos\/#breadcrumb","itemListElement":[{"@type":"ListItem","position":1,"name":"In\u00edcio","item":"https:\/\/pace.com.br\/en\/home\/"},{"@type":"ListItem","position":2,"name":"Products","item":"https:\/\/pace.com.br\/en\/shop\/"},{"@type":"ListItem","position":3,"name":"Sistemas de Transmiss\u00e3o de Fornos"}]},{"@type":"WebSite","@id":"https:\/\/pace.com.br\/en\/#website","url":"https:\/\/pace.com.br\/en\/","name":"Pace Ind\u00fastria Mec\u00e2nica","description":"","publisher":{"@id":"https:\/\/pace.com.br\/en\/#organization"},"potentialAction":[{"@type":"SearchAction","target":{"@type":"EntryPoint","urlTemplate":"https:\/\/pace.com.br\/en\/?s={search_term_string}"},"query-input":{"@type":"PropertyValueSpecification","valueRequired":true,"valueName":"search_term_string"}}],"inLanguage":"en-US"},{"@type":"Organization","@id":"https:\/\/pace.com.br\/en\/#organization","name":"Pace Ind\u00fastria Mec\u00e2nica","url":"https:\/\/pace.com.br\/en\/","logo":{"@type":"ImageObject","inLanguage":"en-US","@id":"https:\/\/pace.com.br\/en\/#\/schema\/logo\/image\/","url":"https:\/\/pace.com.br\/wp-content\/uploads\/2023\/09\/Logo-2-1.png","contentUrl":"https:\/\/pace.com.br\/wp-content\/uploads\/2023\/09\/Logo-2-1.png","width":141,"height":39,"caption":"Pace Ind\u00fastria Mec\u00e2nica"},"image":{"@id":"https:\/\/pace.com.br\/en\/#\/schema\/logo\/image\/"}}]},"product_price_amount":"0.00","product_price_currency":"USD","og_availability":"instock","product_availability":"instock","product_condition":"new"},"_links":{"self":[{"href":"https:\/\/pace.com.br\/en\/wp-json\/wp\/v2\/product\/1293","targetHints":{"allow":["GET"]}}],"collection":[{"href":"https:\/\/pace.com.br\/en\/wp-json\/wp\/v2\/product"}],"about":[{"href":"https:\/\/pace.com.br\/en\/wp-json\/wp\/v2\/types\/product"}],"wp:featuredmedia":[{"embeddable":true,"href":"https:\/\/pace.com.br\/en\/wp-json\/wp\/v2\/media\/1290"}],"wp:attachment":[{"href":"https:\/\/pace.com.br\/en\/wp-json\/wp\/v2\/media?parent=1293"}],"wp:term":[{"taxonomy":"product_brand","embeddable":true,"href":"https:\/\/pace.com.br\/en\/wp-json\/wp\/v2\/product_brand?post=1293"},{"taxonomy":"product_cat","embeddable":true,"href":"https:\/\/pace.com.br\/en\/wp-json\/wp\/v2\/product_cat?post=1293"},{"taxonomy":"product_tag","embeddable":true,"href":"https:\/\/pace.com.br\/en\/wp-json\/wp\/v2\/product_tag?post=1293"}],"curies":[{"name":"wp","href":"https:\/\/api.w.org\/{rel}","templated":true}]}}